{"id":642,"date":"2022-11-17T19:00:55","date_gmt":"2022-11-17T19:00:55","guid":{"rendered":"https:\/\/expert-themes.com\/newwp\/builderexpert\/?page_id=642"},"modified":"2024-09-26T22:53:28","modified_gmt":"2024-09-26T22:53:28","slug":"services-01","status":"publish","type":"page","link":"https:\/\/jijeso.com\/index.php\/services-01\/","title":{"rendered":"Servicios"},"content":{"rendered":"\t\t<div data-elementor-type=\"wp-page\" data-elementor-id=\"642\" class=\"elementor elementor-642\">\n\t\t\t\t\t\t<section class=\"elementor-section elementor-top-section elementor-element elementor-element-5163738 elementor-section-full_width elementor-section-height-default elementor-section-height-default\" data-id=\"5163738\" data-element_type=\"section\" data-e-type=\"section\">\n\t\t\t\t\t\t<div class=\"elementor-container elementor-column-gap-default\">\n\t\t\t\t\t<div class=\"elementor-column elementor-col-100 elementor-top-column elementor-element elementor-element-673516f\" data-id=\"673516f\" data-element_type=\"column\" data-e-type=\"column\">\n\t\t\t<div class=\"elementor-widget-wrap elementor-element-populated\">\n\t\t\t\t\t\t<div class=\"elementor-element elementor-element-644fd38 elementor-widget elementor-widget-builderexpert_services_grid\" data-id=\"644fd38\" data-element_type=\"widget\" data-e-type=\"widget\" data-settings=\"{&quot;builderexpert_layout_margin&quot;:{&quot;unit&quot;:&quot;px&quot;,&quot;top&quot;:&quot;&quot;,&quot;right&quot;:&quot;&quot;,&quot;bottom&quot;:&quot;&quot;,&quot;left&quot;:&quot;&quot;,&quot;isLinked&quot;:true},&quot;builderexpert_layout_margin_tablet&quot;:{&quot;unit&quot;:&quot;px&quot;,&quot;top&quot;:&quot;&quot;,&quot;right&quot;:&quot;&quot;,&quot;bottom&quot;:&quot;&quot;,&quot;left&quot;:&quot;&quot;,&quot;isLinked&quot;:true},&quot;builderexpert_layout_margin_mobile&quot;:{&quot;unit&quot;:&quot;px&quot;,&quot;top&quot;:&quot;&quot;,&quot;right&quot;:&quot;&quot;,&quot;bottom&quot;:&quot;&quot;,&quot;left&quot;:&quot;&quot;,&quot;isLinked&quot;:true},&quot;builderexpert_layout_padding&quot;:{&quot;unit&quot;:&quot;px&quot;,&quot;top&quot;:&quot;&quot;,&quot;right&quot;:&quot;&quot;,&quot;bottom&quot;:&quot;&quot;,&quot;left&quot;:&quot;&quot;,&quot;isLinked&quot;:true},&quot;builderexpert_layout_padding_tablet&quot;:{&quot;unit&quot;:&quot;px&quot;,&quot;top&quot;:&quot;&quot;,&quot;right&quot;:&quot;&quot;,&quot;bottom&quot;:&quot;&quot;,&quot;left&quot;:&quot;&quot;,&quot;isLinked&quot;:true},&quot;builderexpert_layout_padding_mobile&quot;:{&quot;unit&quot;:&quot;px&quot;,&quot;top&quot;:&quot;&quot;,&quot;right&quot;:&quot;&quot;,&quot;bottom&quot;:&quot;&quot;,&quot;left&quot;:&quot;&quot;,&quot;isLinked&quot;:true},&quot;btn_padding&quot;:{&quot;unit&quot;:&quot;px&quot;,&quot;top&quot;:&quot;&quot;,&quot;right&quot;:&quot;&quot;,&quot;bottom&quot;:&quot;&quot;,&quot;left&quot;:&quot;&quot;,&quot;isLinked&quot;:true},&quot;btn_padding_tablet&quot;:{&quot;unit&quot;:&quot;px&quot;,&quot;top&quot;:&quot;&quot;,&quot;right&quot;:&quot;&quot;,&quot;bottom&quot;:&quot;&quot;,&quot;left&quot;:&quot;&quot;,&quot;isLinked&quot;:true},&quot;btn_padding_mobile&quot;:{&quot;unit&quot;:&quot;px&quot;,&quot;top&quot;:&quot;&quot;,&quot;right&quot;:&quot;&quot;,&quot;bottom&quot;:&quot;&quot;,&quot;left&quot;:&quot;&quot;,&quot;isLinked&quot;:true}}\" data-widget_type=\"builderexpert_services_grid.default\">\n\t\t\t\t<div class=\"elementor-widget-container\">\n\t\t\t\t\t\t\n        \n    <!-- Service Section -->\n\t<section class=\"service-section build-section\">\n\t\t<div class=\"auto-container\">\n\t\t\t\t\t\t<div class=\"row clearfix\">\n\t\t\t\t\t\t\t\t<!-- Service Block -->\n\t\t\t\t<div class=\"service-block col-xl-6 col-lg-6 col-md-6 build-shape\">\n\t\t\t\t\t<div class=\"inner-box\">\n\t\t\t\t\t\t<div class=\"line-one\"><\/div>\n\t\t\t\t\t\t<div class=\"line-two\"><\/div>\n\t\t\t\t\t\t<div class=\"icon-box\">\n\t\t\t\t\t\t\t<div class=\"build-icon icon icon flaticon-coronavirus\"><\/div>\n\t\t\t\t\t\t<\/div>\n\t\t\t\t\t\t<h4 class=\"build-title\"><a href=\"https:\/\/jijeso.com\/index.php\/service\/engineering-project\/\">Gesti\u00f3n de proyectos<\/a><\/h4>\n\t\t\t\t\t\t<div class=\"build-text text\">Ofrecemos un servicio completo de ...<\/div>\n\t\t\t\t\t\t<a class=\"read-more\" href=\"https:\/\/jijeso.com\/index.php\/service\/engineering-project\/\">Read More <span class=\"arrow fa fa-angle-double-right\"><\/span><\/a>\n\t\t\t\t\t<\/div>\n\t\t\t\t<\/div>\n\t\t\t\t\t\t\t\t<!-- Service Block -->\n\t\t\t\t<div class=\"service-block col-xl-6 col-lg-6 col-md-6 build-shape\">\n\t\t\t\t\t<div class=\"inner-box\">\n\t\t\t\t\t\t<div class=\"line-one\"><\/div>\n\t\t\t\t\t\t<div class=\"line-two\"><\/div>\n\t\t\t\t\t\t<div class=\"icon-box\">\n\t\t\t\t\t\t\t<div class=\"build-icon icon icon flaticon-renovation\"><\/div>\n\t\t\t\t\t\t<\/div>\n\t\t\t\t\t\t<h4 class=\"build-title\"><a href=\"https:\/\/jijeso.com\/index.php\/service\/construction-managment\/\">Remodelaciones<\/a><\/h4>\n\t\t\t\t\t\t<div class=\"build-text text\">Si su propiedad necesita una ...<\/div>\n\t\t\t\t\t\t<a class=\"read-more\" href=\"https:\/\/jijeso.com\/index.php\/service\/construction-managment\/\">Read More <span class=\"arrow fa fa-angle-double-right\"><\/span><\/a>\n\t\t\t\t\t<\/div>\n\t\t\t\t<\/div>\n\t\t\t\t\t\t\t\t<!-- Service Block -->\n\t\t\t\t<div class=\"service-block col-xl-6 col-lg-6 col-md-6 build-shape\">\n\t\t\t\t\t<div class=\"inner-box\">\n\t\t\t\t\t\t<div class=\"line-one\"><\/div>\n\t\t\t\t\t\t<div class=\"line-two\"><\/div>\n\t\t\t\t\t\t<div class=\"icon-box\">\n\t\t\t\t\t\t\t<div class=\"build-icon icon icon flaticon-skyscraper\"><\/div>\n\t\t\t\t\t\t<\/div>\n\t\t\t\t\t\t<h4 class=\"build-title\"><a href=\"https:\/\/jijeso.com\/index.php\/service\/architecture-building\/\">Proyectos comerciales<\/a><\/h4>\n\t\t\t\t\t\t<div class=\"build-text text\">Sabemos que un espacio comercial ...<\/div>\n\t\t\t\t\t\t<a class=\"read-more\" href=\"https:\/\/jijeso.com\/index.php\/service\/architecture-building\/\">Read More <span class=\"arrow fa fa-angle-double-right\"><\/span><\/a>\n\t\t\t\t\t<\/div>\n\t\t\t\t<\/div>\n\t\t\t\t\t\t\t\t<!-- Service Block -->\n\t\t\t\t<div class=\"service-block col-xl-6 col-lg-6 col-md-6 build-shape\">\n\t\t\t\t\t<div class=\"inner-box\">\n\t\t\t\t\t\t<div class=\"line-one\"><\/div>\n\t\t\t\t\t\t<div class=\"line-two\"><\/div>\n\t\t\t\t\t\t<div class=\"icon-box\">\n\t\t\t\t\t\t\t<div class=\"build-icon icon icon flaticon-construction\"><\/div>\n\t\t\t\t\t\t<\/div>\n\t\t\t\t\t\t<h4 class=\"build-title\"><a href=\"https:\/\/jijeso.com\/index.php\/service\/engineering-project-2\/\">Construcci\u00f3n residencial<\/a><\/h4>\n\t\t\t\t\t\t<div class=\"build-text text\">Entendemos que su hogar es ...<\/div>\n\t\t\t\t\t\t<a class=\"read-more\" href=\"https:\/\/jijeso.com\/index.php\/service\/engineering-project-2\/\">Read More <span class=\"arrow fa fa-angle-double-right\"><\/span><\/a>\n\t\t\t\t\t<\/div>\n\t\t\t\t<\/div>\n\t\t\t\t\t\t\t<\/div>\n\t\t\t\t\t<\/div>\n\t<\/section>\n\t<!-- End Service Section -->   \n        \n\t\t\t\t\t<\/div>\n\t\t\t\t<\/div>\n\t\t\t\t\t<\/div>\n\t\t<\/div>\n\t\t\t\t\t<\/div>\n\t\t<\/section>\n\t\t\t\t<\/div>\n\t\t","protected":false},"excerpt":{"rendered":"<p>Gesti\u00f3n de proyectos Ofrecemos un servicio completo de gesti\u00f3n de proyectos para garantizar que cada fase de su construcci\u00f3n se ejecute de manera eficiente y dentro de los plazos establecidos. Nuestro equipo de gestores se encarga de coordinar todos los aspectos del proyecto, desde la planificaci\u00f3n inicial hasta la entrega final, supervisando proveedores, contratistas y [&hellip;]<\/p>\n","protected":false},"author":2,"featured_media":0,"parent":0,"menu_order":0,"comment_status":"closed","ping_status":"closed","template":"tpl-default-elementor.php","meta":{"footnotes":""},"class_list":["post-642","page","type-page","status-publish","hentry"],"_links":{"self":[{"href":"https:\/\/jijeso.com\/index.php\/wp-json\/wp\/v2\/pages\/642","targetHints":{"allow":["GET"]}}],"collection":[{"href":"https:\/\/jijeso.com\/index.php\/wp-json\/wp\/v2\/pages"}],"about":[{"href":"https:\/\/jijeso.com\/index.php\/wp-json\/wp\/v2\/types\/page"}],"author":[{"embeddable":true,"href":"https:\/\/jijeso.com\/index.php\/wp-json\/wp\/v2\/users\/2"}],"replies":[{"embeddable":true,"href":"https:\/\/jijeso.com\/index.php\/wp-json\/wp\/v2\/comments?post=642"}],"version-history":[{"count":10,"href":"https:\/\/jijeso.com\/index.php\/wp-json\/wp\/v2\/pages\/642\/revisions"}],"predecessor-version":[{"id":1813,"href":"https:\/\/jijeso.com\/index.php\/wp-json\/wp\/v2\/pages\/642\/revisions\/1813"}],"wp:attachment":[{"href":"https:\/\/jijeso.com\/index.php\/wp-json\/wp\/v2\/media?parent=642"}],"curies":[{"name":"wp","href":"https:\/\/api.w.org\/{rel}","templated":true}]}}