{"id":505,"date":"2022-11-14T11:15:36","date_gmt":"2022-11-14T11:15:36","guid":{"rendered":"https:\/\/expert-themes.com\/newwp\/builderexpert\/?page_id=505"},"modified":"2024-09-25T07:40:45","modified_gmt":"2024-09-25T07:40:45","slug":"about-us","status":"publish","type":"page","link":"https:\/\/jijeso.com\/index.php\/about-us\/","title":{"rendered":"Nosotros"},"content":{"rendered":"\t\t<div data-elementor-type=\"wp-page\" data-elementor-id=\"505\" class=\"elementor elementor-505\">\n\t\t\t\t\t\t<section class=\"elementor-section elementor-top-section elementor-element elementor-element-5663d2c elementor-section-full_width elementor-section-height-default elementor-section-height-default\" data-id=\"5663d2c\" data-element_type=\"section\" data-e-type=\"section\">\n\t\t\t\t\t\t<div class=\"elementor-container elementor-column-gap-default\">\n\t\t\t\t\t<div class=\"elementor-column elementor-col-100 elementor-top-column elementor-element elementor-element-b27b926\" data-id=\"b27b926\" data-element_type=\"column\" data-e-type=\"column\">\n\t\t\t<div class=\"elementor-widget-wrap elementor-element-populated\">\n\t\t\t\t\t\t<div class=\"elementor-element elementor-element-bb94639 elementor-widget elementor-widget-builderexpert_about_us\" data-id=\"bb94639\" data-element_type=\"widget\" data-e-type=\"widget\" data-settings=\"{&quot;builderexpert_layout_margin&quot;:{&quot;unit&quot;:&quot;px&quot;,&quot;top&quot;:&quot;&quot;,&quot;right&quot;:&quot;&quot;,&quot;bottom&quot;:&quot;&quot;,&quot;left&quot;:&quot;&quot;,&quot;isLinked&quot;:true},&quot;builderexpert_layout_margin_tablet&quot;:{&quot;unit&quot;:&quot;px&quot;,&quot;top&quot;:&quot;&quot;,&quot;right&quot;:&quot;&quot;,&quot;bottom&quot;:&quot;&quot;,&quot;left&quot;:&quot;&quot;,&quot;isLinked&quot;:true},&quot;builderexpert_layout_margin_mobile&quot;:{&quot;unit&quot;:&quot;px&quot;,&quot;top&quot;:&quot;&quot;,&quot;right&quot;:&quot;&quot;,&quot;bottom&quot;:&quot;&quot;,&quot;left&quot;:&quot;&quot;,&quot;isLinked&quot;:true},&quot;builderexpert_layout_padding&quot;:{&quot;unit&quot;:&quot;px&quot;,&quot;top&quot;:&quot;&quot;,&quot;right&quot;:&quot;&quot;,&quot;bottom&quot;:&quot;&quot;,&quot;left&quot;:&quot;&quot;,&quot;isLinked&quot;:true},&quot;builderexpert_layout_padding_tablet&quot;:{&quot;unit&quot;:&quot;px&quot;,&quot;top&quot;:&quot;&quot;,&quot;right&quot;:&quot;&quot;,&quot;bottom&quot;:&quot;&quot;,&quot;left&quot;:&quot;&quot;,&quot;isLinked&quot;:true},&quot;builderexpert_layout_padding_mobile&quot;:{&quot;unit&quot;:&quot;px&quot;,&quot;top&quot;:&quot;&quot;,&quot;right&quot;:&quot;&quot;,&quot;bottom&quot;:&quot;&quot;,&quot;left&quot;:&quot;&quot;,&quot;isLinked&quot;:true},&quot;btn_padding&quot;:{&quot;unit&quot;:&quot;px&quot;,&quot;top&quot;:&quot;&quot;,&quot;right&quot;:&quot;&quot;,&quot;bottom&quot;:&quot;&quot;,&quot;left&quot;:&quot;&quot;,&quot;isLinked&quot;:true},&quot;btn_padding_tablet&quot;:{&quot;unit&quot;:&quot;px&quot;,&quot;top&quot;:&quot;&quot;,&quot;right&quot;:&quot;&quot;,&quot;bottom&quot;:&quot;&quot;,&quot;left&quot;:&quot;&quot;,&quot;isLinked&quot;:true},&quot;btn_padding_mobile&quot;:{&quot;unit&quot;:&quot;px&quot;,&quot;top&quot;:&quot;&quot;,&quot;right&quot;:&quot;&quot;,&quot;bottom&quot;:&quot;&quot;,&quot;left&quot;:&quot;&quot;,&quot;isLinked&quot;:true}}\" data-widget_type=\"builderexpert_about_us.default\">\n\t\t\t\t<div class=\"elementor-widget-container\">\n\t\t\t\t\t\t\r\n        \r\n    <!-- About Section -->\r\n\t<section class=\"about-section \">\r\n\t\t<div class=\"pattern-layer\" style=\"background-image:url(https:\/\/jijeso.com\/wp-content\/uploads\/2022\/11\/pattern-16.png)\"><\/div>\t\t<div class=\"auto-container\">\r\n\t\t\t<div class=\"row clearfix\">\r\n\t\t\t\t\r\n\t\t\t\t<!-- Image Column -->\r\n\t\t\t\t<div class=\"image-column col-lg-6 col-md-12 col-sm-12\">\r\n\t\t\t\t\t<div class=\"inner-column wow fadeInLeft\" data-wow-delay=\"0ms\" data-wow-duration=\"1500ms\">\r\n\t\t\t\t\t\t<div class=\"color-layer\"><\/div>\r\n\t\t\t\t\t\t<div class=\"title\">NOSOTROS<\/div>\t\t\t\t\t\t\r\n\t\t\t\t\t\t                        <div class=\"image\">\r\n\t\t\t\t\t\t\t<div class=\"color-layer-two\"><\/div>\r\n\t\t\t\t\t\t\t<div class=\"color-layer-three\"><\/div>\r\n\t\t\t\t\t\t\t<img decoding=\"async\" src=\"https:\/\/jijeso.com\/wp-content\/uploads\/2024\/09\/construction-site-2672252_1280.jpeg\" alt=\"Awesome Image\" \/>\r\n\t\t\t\t\t\t<\/div>\r\n\t\t\t\t\t\t                        \r\n\t\t\t\t\t\t\t\t\t\t\t<\/div>\r\n\t\t\t\t<\/div>\r\n\t\t\t\t\r\n\t\t\t\t<!-- Content Column -->\r\n\t\t\t\t<div class=\"content-column col-lg-6 col-md-12 col-sm-12\">\r\n\t\t\t\t\t<div class=\"inner-column\">\r\n\t\t\t\t\t\t                        <div class=\"sec-title style-three\">\r\n\t\t\t\t\t\t\t<div class=\"separater\"><\/div>\r\n\t\t\t\t\t\t\t<div class=\"title\">NOSOTROS<\/div>\r\n\t\t\t\t\t\t\t<h2>Con\u00f3zcanos: Su Socio en Construcci\u00f3n<\/h2>\r\n\t\t\t\t\t\t<\/div>\r\n                                                \t\t\t\t\t\t<div class=\"text\">\r\n\t\t\t\t\t\t\tEn <strong>JIJESO<\/strong>, nos dedicamos a transformar sus ideas en espacios tangibles, funcionales y de alta calidad. Con m\u00e1s de diez a\u00f1os de experiencia en la industria de la construcci\u00f3n, hemos consolidado nuestra reputaci\u00f3n como una empresa confiable, innovadora y comprometida con la excelencia. Nuestro enfoque se centra en ofrecer soluciones personalizadas que se adapten a las necesidades de cada cliente, asegurando que cada proyecto refleje sus expectativas, personalidad y visi\u00f3n. Desde los inicios de nuestra compa\u00f1\u00eda, hemos crecido bas\u00e1ndonos en los principios de integridad, profesionalismo y trabajo en equipo. Creemos que cada cliente merece un trato \u00fanico, por lo que nuestra prioridad es conocer en profundidad sus necesidades, aspiraciones y objetivos para poder brindar un servicio que no solo cumpla con sus expectativas, sino que las supere. Ya sea una construcci\u00f3n desde cero, una remodelaci\u00f3n o un proyecto comercial de gran escala, nuestro equipo aborda cada obra con el mismo nivel de dedicaci\u00f3n y atenci\u00f3n al detalle. \n\n<p>En <strong>JIJESO<\/strong>, nos dedicamos a transformar sus ideas en espacios tangibles, funcionales y de alta calidad. Con m\u00e1s de diez a\u00f1os de experiencia en la industria de la construcci\u00f3n, hemos consolidado nuestra reputaci\u00f3n como una empresa confiable, innovadora y comprometida con la excelencia. Nuestro enfoque se centra en ofrecer soluciones personalizadas que se adapten a las necesidades de cada cliente, asegurando que cada proyecto refleje sus expectativas, personalidad y visi\u00f3n.<\/p> <h3>Nuestra Filosof\u00eda<\/h3> <p>En <strong>JIJESO<\/strong>, no solo construimos estructuras, construimos relaciones a largo plazo con nuestros clientes. Entendemos que cada proyecto es una inversi\u00f3n importante, tanto en t\u00e9rminos econ\u00f3micos como emocionales, por eso nos comprometemos a ofrecer un proceso de trabajo transparente, eficaz y orientado a resultados. Creemos firmemente en la importancia de la comunicaci\u00f3n constante, lo que nos permite garantizar que cada paso del proyecto sea claro para usted y est\u00e9 alineado con sus expectativas.<\/p> <h3>Innovaci\u00f3n y Tecnolog\u00eda<\/h3> <p>La innovaci\u00f3n es uno de los pilares de nuestra empresa. Nos mantenemos a la vanguardia de las \u00faltimas tendencias y avances tecnol\u00f3gicos en el sector de la construcci\u00f3n, lo que nos permite ofrecer soluciones modernas y eficientes. Utilizamos software avanzado para la planificaci\u00f3n y gesti\u00f3n de proyectos, asegurando que cada detalle est\u00e9 contemplado y que los tiempos y presupuestos sean optimizados al m\u00e1ximo. Adem\u00e1s, nos aseguramos de cumplir con todas las normativas y est\u00e1ndares de calidad, garantizando la seguridad y durabilidad de cada proyecto.<\/p> \t\t\t\t\t\t<\/div>\r\n                        \t\t\t\t\t\t<div class=\"clearfix\">\r\n\t\t\t\t\t\t\t                            \t\t\t\t\t\t<\/div>\r\n\t\t\t\t\t\t\t\t\t\t\t<\/div>\r\n\t\t\t\t<\/div>\r\n\t\t\t\t\r\n\t\t\t<\/div>\r\n\t\t<\/div>\r\n\t<\/section>\r\n\t<!-- End About Section -->\r\n    \r\n    \t\t\t\t<\/div>\n\t\t\t\t<\/div>\n\t\t\t\t\t<\/div>\n\t\t<\/div>\n\t\t\t\t\t<\/div>\n\t\t<\/section>\n\t\t\t\t<section class=\"elementor-section elementor-top-section elementor-element elementor-element-b55bc2c elementor-section-full_width elementor-section-height-default elementor-section-height-default\" data-id=\"b55bc2c\" data-element_type=\"section\" data-e-type=\"section\">\n\t\t\t\t\t\t<div class=\"elementor-container elementor-column-gap-default\">\n\t\t\t\t\t<div class=\"elementor-column elementor-col-100 elementor-top-column elementor-element elementor-element-b3f16b3\" data-id=\"b3f16b3\" data-element_type=\"column\" data-e-type=\"column\">\n\t\t\t<div class=\"elementor-widget-wrap elementor-element-populated\">\n\t\t\t\t\t\t<div class=\"elementor-element elementor-element-6fb1d5b elementor-widget elementor-widget-builderexpert_about_us\" data-id=\"6fb1d5b\" data-element_type=\"widget\" data-e-type=\"widget\" data-settings=\"{&quot;builderexpert_layout_margin&quot;:{&quot;unit&quot;:&quot;px&quot;,&quot;top&quot;:&quot;&quot;,&quot;right&quot;:&quot;&quot;,&quot;bottom&quot;:&quot;&quot;,&quot;left&quot;:&quot;&quot;,&quot;isLinked&quot;:true},&quot;builderexpert_layout_margin_tablet&quot;:{&quot;unit&quot;:&quot;px&quot;,&quot;top&quot;:&quot;&quot;,&quot;right&quot;:&quot;&quot;,&quot;bottom&quot;:&quot;&quot;,&quot;left&quot;:&quot;&quot;,&quot;isLinked&quot;:true},&quot;builderexpert_layout_margin_mobile&quot;:{&quot;unit&quot;:&quot;px&quot;,&quot;top&quot;:&quot;&quot;,&quot;right&quot;:&quot;&quot;,&quot;bottom&quot;:&quot;&quot;,&quot;left&quot;:&quot;&quot;,&quot;isLinked&quot;:true},&quot;builderexpert_layout_padding&quot;:{&quot;unit&quot;:&quot;px&quot;,&quot;top&quot;:&quot;&quot;,&quot;right&quot;:&quot;&quot;,&quot;bottom&quot;:&quot;&quot;,&quot;left&quot;:&quot;&quot;,&quot;isLinked&quot;:true},&quot;builderexpert_layout_padding_tablet&quot;:{&quot;unit&quot;:&quot;px&quot;,&quot;top&quot;:&quot;&quot;,&quot;right&quot;:&quot;&quot;,&quot;bottom&quot;:&quot;&quot;,&quot;left&quot;:&quot;&quot;,&quot;isLinked&quot;:true},&quot;builderexpert_layout_padding_mobile&quot;:{&quot;unit&quot;:&quot;px&quot;,&quot;top&quot;:&quot;&quot;,&quot;right&quot;:&quot;&quot;,&quot;bottom&quot;:&quot;&quot;,&quot;left&quot;:&quot;&quot;,&quot;isLinked&quot;:true},&quot;btn_padding&quot;:{&quot;unit&quot;:&quot;px&quot;,&quot;top&quot;:&quot;&quot;,&quot;right&quot;:&quot;&quot;,&quot;bottom&quot;:&quot;&quot;,&quot;left&quot;:&quot;&quot;,&quot;isLinked&quot;:true},&quot;btn_padding_tablet&quot;:{&quot;unit&quot;:&quot;px&quot;,&quot;top&quot;:&quot;&quot;,&quot;right&quot;:&quot;&quot;,&quot;bottom&quot;:&quot;&quot;,&quot;left&quot;:&quot;&quot;,&quot;isLinked&quot;:true},&quot;btn_padding_mobile&quot;:{&quot;unit&quot;:&quot;px&quot;,&quot;top&quot;:&quot;&quot;,&quot;right&quot;:&quot;&quot;,&quot;bottom&quot;:&quot;&quot;,&quot;left&quot;:&quot;&quot;,&quot;isLinked&quot;:true}}\" data-widget_type=\"builderexpert_about_us.default\">\n\t\t\t\t<div class=\"elementor-widget-container\">\n\t\t\t\t\t\t\r\n        \r\n    <!-- Choice Section -->\r\n\t<section class=\"choice-section style-two\" style=\"background-image:url(https:\/\/jijeso.com\/wp-content\/uploads\/2022\/11\/pattern-9.png)\">\r\n\t\t<div class=\"auto-container\">\r\n\t\t\t<div class=\"row clearfix\">\r\n\t\t\t\t\r\n\t\t\t\t<!-- Image Column -->\r\n\t\t\t\t<div class=\"image-column col-lg-6 col-md-12 col-sm-12\">\r\n\t\t\t\t\t<div class=\"inner-column\">\r\n\t\t\t\t\t\t<div class=\"pattern-layer\" style=\"background-image:url(https:\/\/jijeso.com\/wp-content\/uploads\/2024\/09\/WhatsApp_Image_2024-09-22_at_7.31.32_PM-removebg-preview.png)\"><\/div>\t\t\t\t\t\t\t\t\t\t\t\t\t\t\t\t\t\t\t\t\t\t\t<\/div>\r\n\t\t\t\t<\/div>\r\n\t\t\t\t\r\n\t\t\t\t<!-- Content Column -->\r\n\t\t\t\t<div class=\"content-column col-lg-6 col-md-12 col-sm-12\">\r\n\t\t\t\t\t<div class=\"inner-column\">\r\n\t\t\t\t\t\t                        <div class=\"sec-title style-two\">\r\n\t\t\t\t\t\t\t<div class=\"separater\"><\/div>\r\n\t\t\t\t\t\t\t\t\t\t\t\t\t\t<h2>Compromiso y Excelencia<\/h2>\t\t\t\t\t\t<\/div>\r\n                                                \r\n\t\t\t\t\t\t                        <div class=\"text\"><h3>Nuestro Equipo<\/h3> <p>Uno de los mayores activos de <strong>Jijeso<\/strong> es nuestro equipo humano. Contamos con arquitectos, ingenieros, dise\u00f1adores y especialistas en construcci\u00f3n altamente capacitados, con una amplia experiencia en proyectos de diversas magnitudes y complejidades. Cada miembro del equipo comparte el compromiso de entregar resultados excepcionales y de trabajar con la misma dedicaci\u00f3n, sin importar el tama\u00f1o del proyecto. Nos aseguramos de que cada obra sea tratada con el respeto que merece, priorizando la calidad, la eficiencia y la satisfacci\u00f3n del cliente.<\/p> <h3>Compromiso con la Sostenibilidad<\/h3> <p>En <strong>Jijeso<\/strong>, tambi\u00e9n nos preocupamos por el impacto que nuestras construcciones tienen en el medio ambiente. Por ello, buscamos implementar pr\u00e1cticas sostenibles y utilizar materiales ecol\u00f3gicos siempre que sea posible. Creemos que el futuro de la construcci\u00f3n debe estar alineado con la responsabilidad ambiental, y estamos comprometidos con ofrecer soluciones que no solo sean funcionales y est\u00e9ticas, sino tambi\u00e9n respetuosas con el entorno.<\/p> <h3>Nuestra Promesa<\/h3> <p>Sabemos que cada proyecto es \u00fanico, y nuestra promesa es abordar cada uno con la misma dedicaci\u00f3n, profesionalismo y compromiso con la excelencia. Nos esforzamos por superar las expectativas en todos los aspectos: calidad de los materiales, eficiencia en los plazos y, sobre todo, en la satisfacci\u00f3n del cliente. En <strong>Jijeso<\/strong>, su proyecto no es solo un trabajo m\u00e1s; es una oportunidad para demostrar nuestra pasi\u00f3n por la construcci\u00f3n y para dejar una huella positiva en su vida y en su comunidad.<\/p> <\/section><p>It is a long established fact that a reader will be distracted by the readable content of a page when looking at its layout.<\/p><\/div>\r\n                                                \r\n\t\t\t\t\t\t<div class=\"row clearfix\">\r\n\t\t\t\t\t\t\t                            \r\n\t\t\t\t\t\t\t\t\t\t\t\t\t<\/div>\r\n                        \t\t\t\t\t\t<a href=\"#\" class=\"read-more\">Read More <span class=\"plus flaticon-plus-symbol\"><\/span><\/a>\r\n\t\t\t\t\t\t                    <\/div>\r\n\t\t\t\t<\/div>\r\n\t\t\t\t\r\n\t\t\t<\/div>\r\n\t\t<\/div>\r\n\t<\/section>\r\n\t<!-- End Choice Section -->\r\n            \r\n\t\t\t\t\t<\/div>\n\t\t\t\t<\/div>\n\t\t\t\t\t<\/div>\n\t\t<\/div>\n\t\t\t\t\t<\/div>\n\t\t<\/section>\n\t\t\t\t<\/div>\n\t\t","protected":false},"excerpt":{"rendered":"<p>NOSOTROS NOSOTROS Con\u00f3zcanos: Su Socio en Construcci\u00f3n En JIJESO, nos dedicamos a transformar sus ideas en espacios tangibles, funcionales y de alta calidad. Con m\u00e1s de diez a\u00f1os de experiencia en la industria de la construcci\u00f3n, hemos consolidado nuestra reputaci\u00f3n como una empresa confiable, innovadora y comprometida con la excelencia. Nuestro enfoque se centra en [&hellip;]<\/p>\n","protected":false},"author":2,"featured_media":0,"parent":0,"menu_order":0,"comment_status":"closed","ping_status":"closed","template":"tpl-default-elementor.php","meta":{"footnotes":""},"class_list":["post-505","page","type-page","status-publish","hentry"],"_links":{"self":[{"href":"https:\/\/jijeso.com\/index.php\/wp-json\/wp\/v2\/pages\/505","targetHints":{"allow":["GET"]}}],"collection":[{"href":"https:\/\/jijeso.com\/index.php\/wp-json\/wp\/v2\/pages"}],"about":[{"href":"https:\/\/jijeso.com\/index.php\/wp-json\/wp\/v2\/types\/page"}],"author":[{"embeddable":true,"href":"https:\/\/jijeso.com\/index.php\/wp-json\/wp\/v2\/users\/2"}],"replies":[{"embeddable":true,"href":"https:\/\/jijeso.com\/index.php\/wp-json\/wp\/v2\/comments?post=505"}],"version-history":[{"count":10,"href":"https:\/\/jijeso.com\/index.php\/wp-json\/wp\/v2\/pages\/505\/revisions"}],"predecessor-version":[{"id":1786,"href":"https:\/\/jijeso.com\/index.php\/wp-json\/wp\/v2\/pages\/505\/revisions\/1786"}],"wp:attachment":[{"href":"https:\/\/jijeso.com\/index.php\/wp-json\/wp\/v2\/media?parent=505"}],"curies":[{"name":"wp","href":"https:\/\/api.w.org\/{rel}","templated":true}]}}